{"id":877,"date":"2022-12-17T17:19:23","date_gmt":"2022-12-17T17:19:23","guid":{"rendered":"http:\/\/127.0.0.1\/conference\/?page_id=877"},"modified":"2026-02-25T08:31:33","modified_gmt":"2026-02-25T08:31:33","slug":"committees","status":"publish","type":"page","link":"https:\/\/actuarweb.aegean.gr\/samos2026\/committees\/","title":{"rendered":"Committees"},"content":{"rendered":"\t\t<div data-elementor-type=\"wp-page\" data-elementor-id=\"877\" class=\"elementor elementor-877\">\n\t\t\t\t\t\t<section class=\"elementor-section elementor-top-section elementor-element elementor-element-4a3d47da elementor-section-boxed elementor-section-height-default elementor-section-height-default\" data-id=\"4a3d47da\" data-element_type=\"section\" data-e-type=\"section\">\n\t\t\t\t\t\t<div class=\"elementor-container elementor-column-gap-default\">\n\t\t\t\t\t<div class=\"elementor-column elementor-col-100 elementor-top-column elementor-element elementor-element-1bdcb991\" data-id=\"1bdcb991\" data-element_type=\"column\" data-e-type=\"column\">\n\t\t\t<div class=\"elementor-widget-wrap elementor-element-populated\">\n\t\t\t\t\t\t<div class=\"elementor-element elementor-element-481150de elementor-widget elementor-widget-text-editor\" data-id=\"481150de\" data-element_type=\"widget\" data-e-type=\"widget\" data-widget_type=\"text-editor.default\">\n\t\t\t\t<div class=\"elementor-widget-container\">\n\t\t\t\t\t\t\t\t\t\n<div class=\"wp-block-essential-blocks-accordion\">\n<div class=\"eb-parent-wrapper eb-parent-eb-accordion-p4jznad \">\n<div class=\"eb-accordion-container eb-accordion-p4jznad\" data-accordion-type=\"accordion\" data-tab-icon=\"fas fa-angle-right\" data-expanded-icon=\"fas fa-angle-down\">\n<div class=\"eb-accordion-inner\">\n<div class=\"eb-accordion-item-a1kyime eb-accordion-wrapper\" data-clickable=\"false\">\n<div class=\"eb-accordion-title-wrapper\">\n<h3 class=\"eb-accordion-title\">Scientific<\/h3>\n<\/div>\n<div class=\"eb-accordion-content-wrapper\">\n<div class=\"eb-accordion-content\">\n<ul class=\"wp-block-list\">\n<li><a href=\"http:\/\/www.hec.unil.ch\/people\/halbrecher\">Hansjoerg Albrecher<\/a>\u00a0\u2013 University of Lausanne, Switzerland<\/li>\n<!-- wp:list-item\n<li><a href=\"http:\/\/pure.au.dk\/portal\/en\/asmus@imf.au.dk\">Soeren Asmussen<\/a>\u00a0\u2013 University of Aarhus, Denmark<\/li>\n \/wp:list-item -->\n<li><a href=\"https:\/\/www.linkedin.com\/in\/benjaminavanzi\/?originalSubdomain=au\">Benjamin Avanzi<\/a>\u00a0\u2013 University of Melbourne, Australia<\/li>\n\n<li><a href=\"http:\/\/www.math.kit.edu\/stoch\/~baeuerle\/en\">Nicole B\u00e4uerle<\/a> \u00a0(chair) \u2013 Karlsruher Institut f\u00fcr Technologie, Karlsruhe, Germany<\/li>\n\n<li><a href=\"https:\/\/www.unimib.it\/fabio-bellini\">Fabio Bellini<\/a>\u00a0\u2013 University of Milano-Bicocca, Italy<\/li>\n\n<li><a href=\"https:\/\/www.df.uzh.ch\/en\/people\/professor\/coculescu.html\">Delia Coculescu<\/a> \u2013 University of Zurich, Switzerland<\/li>\n\n<li><a href=\"https:\/\/lukaszdelong.pl\/\">\u0141ukasz Delong<\/a> \u2013 <span class=\"c-screen-about__caption\">University of Warsaw<\/span>, Poland<\/li>\n\n<li><a href=\"http:\/\/www.math.uni-hamburg.de\/home\/drees\/\">Holger Drees<\/a>\u00a0\u2013 University of Hamburg, Germany<\/li>\n<li><a href=\"https:\/\/fam.tuwien.ac.at\/~jeisenbe\/\">Julia Eisenberg<\/a> \u2013 <span class=\"designation\">University of Technology (TUW), Austria<\/span><\/li>\n<li><a href=\"http:\/\/ying.jiao.perso.math.cnrs.fr\/\">Ying Jiao<\/a> &#8211; University of Lyon 1, France<\/li>\n\n<li><a href=\"https:\/\/www.math.aegean.gr\/index.php\/en\/about\/directory\/11-about\/directories\/358-konstantinides-en\">Dimitrios Konstantinides<\/a>\u00a0\u2013 University of the Aegean, Greece<\/li>\n\n<li><a href=\"http:\/\/pages.isfa.fr\/~stephane\/\">Stephane Loisel<\/a> \u2013 <span class=\"C9DxTc \">Conservatoire National des Arts et M\u00e9tiers<\/span>, France<\/li>\n\n<li><a href=\"https:\/\/stat.hevra.haifa.ac.il\/index.php\/en\/emeriti\/prof-ehud-makov\">Udi Makov<\/a>\u00a0\u2013 University of Haifa, Israel<\/li>\n\n<li><a href=\"https:\/\/www.maths.ox.ac.uk\/people\/jan.obloj\">Jan Obloj<\/a>\u00a0\u2013 University of Oxford, United Kingdom<\/li>\n<li><a href=\"http:\/\/www.stat.columbia.edu\/~protter\/\"><span lang=\"EN-US\">Philip<\/span> <span lang=\"EN-US\">Protter<\/span>\u00a0<\/a>\u2013 Columbia University, USA<\/li>\n<li><a href=\"https:\/\/www.mccormick.northwestern.edu\/research-faculty\/directory\/profiles\/rhee-chang-han.html\">Chang-Han Rhee<\/a> \u2013 Northwestern University, IL, USA<\/li>\n\n<li><a href=\"http:\/\/www.math.ku.dk\/~mogens\/\">Mogens Steffensen<\/a>\u00a0\u2013 University of Copenhagen, Denmark<\/li>\n\n<li><a href=\"https:\/\/www.business.unsw.edu.au\/our-people\/qihetang\">Qihe Tang<\/a>\u00a0 \u2013 Univ. New South Wales, Australia<\/li>\n<li><a href=\"https:\/\/sas.uwaterloo.ca\/~wang\/\">Ruodu Wang<\/a> \u2013 University of Waterloo, Canada<\/li>\n\n<li><a href=\"http:\/\/www.ma.utexas.edu\/users\/zariphop\/\">Thaleia Zariphopoulou<\/a>\u00a0\u2013 University of Texas at Austin, U.S.A.<\/li>\n<\/ul>\n<\/div>\n<\/div>\n<\/div>\n\n<div class=\"eb-accordion-item-4xmqqrz eb-accordion-wrapper\" data-clickable=\"false\">\n<div class=\"eb-accordion-title-wrapper\">\n<h3 class=\"eb-accordion-title\">Organizing<\/h3>\n<\/div>\n<div class=\"eb-accordion-content-wrapper\">\n<div class=\"eb-accordion-content\"><br \/>\n<ul class=\"wp-block-list\">\n<li><a href=\"https:\/\/sites.stat.columbia.edu\/rdavis\/biography.html\">Richard Davis<\/a> \u2013 Columbia University, USA<\/li>\n<li><a href=\"https:\/\/jandhaene.org\/\">Jan Dhaene<\/a>\u00a0\u2013 KU Leuven, Belgium<\/li>\n\n<li><a href=\"http:\/\/www.samos.aegean.gr\/actuar\/konstant\/\">Dimitrios\u00a0Konstantinides<\/a>\u00a0(chair) \u2013 University of the Aegean, Greece<\/li>\n\n<li><a href=\"http:\/\/stat.haifa.ac.il\/~landsman\/\">Zinovyi Landsman<\/a>\u00a0\u2013 University of Haifa, Israel<\/li>\n<li><a href=\"https:\/\/www.ensae.fr\/en\/faculty\/3682-caroline-hillairet\/\">Caroline Hillairet<\/a> \u2013 <span class=\"designation\">ENSAE-Crest<\/span>, France<\/li>\n\n<li><a href=\"http:\/\/homepages.ulb.ac.be\/~clefevre\/\">Claude Lefevre<\/a>\u00a0\u2013 Universite Libre de Bruxelles, Belgium<\/li>\n<li><a href=\"https:\/\/ttk.elte.hu\/en\/staff\/laszlo-markus\">Laszlo Markus<\/a> \u2013 E\u00f6tv\u00f6s Lor\u00e1nd University, Hungary<\/li>\n<li><a href=\"https:\/\/www.researchgate.net\/profile\/Charalampos-Passalidis\">Charalampos Passalidis<\/a>\u2013 University of the Aegean, Greece<\/li>\n\n<li><a href=\"http:\/\/www.mi.uni-koeln.de\/~schmidli\/\">Hanspeter Schmidli<\/a>\u00a0\u2013 University of Cologne, Germany<\/li>\n<\/ul>\n<\/div>\n<\/div>\n<\/div>\n\n<div class=\"eb-accordion-item-hv1brln eb-accordion-wrapper\" data-clickable=\"false\">\n<div class=\"eb-accordion-title-wrapper\">\n<h3 class=\"eb-accordion-title\">Local<\/h3>\n<\/div>\n<div class=\"eb-accordion-content-wrapper\">\n<div class=\"eb-accordion-content\"><br \/><br \/>\n<ul class=\"wp-block-list\">\n<li><a href=\"http:\/\/www.samos.aegean.gr\/actuar\/konstant\/\">Dimitrios Konstantinides<\/a>\u00a0\u2013\u00a0University of the Aegean, Greece<\/li>\n\n<li><a href=\"https:\/\/www.researchgate.net\/profile\/Charalampos-Passalidis\">Charalampos Passalidis<\/a>\u2013 University of the Aegean, Greece<\/li>\n<li><a href=\"https:\/\/kesmarag.github.io\/\">Costas Smaragdakis<\/a> \u2013 University of Aegean, Greece<\/li>\n<li><a href=\"https:\/\/www.actuar.aegean.gr\/index.php\/en\/about\/directory\/651-tzaninis-en\">Spyridon Tzaninis<\/a> \u2013 University of Aegean, Greece<\/li>\n<\/ul>\n<\/div>\n<\/div>\n<\/div>\n<\/div>\n<\/div>\n<\/div>\n<\/div>\n<!-- \/wp:essential-blocks\/accordion -->\t\t\t\t\t\t\t\t<\/div>\n\t\t\t\t<\/div>\n\t\t\t\t\t<\/div>\n\t\t<\/div>\n\t\t\t\t\t<\/div>\n\t\t<\/section>\n\t\t\t\t<\/div>\n\t\t","protected":false},"excerpt":{"rendered":"","protected":false},"author":1,"featured_media":0,"parent":0,"menu_order":0,"comment_status":"closed","ping_status":"closed","template":"","meta":{"_eb_attr":"","footnotes":""},"class_list":["post-877","page","type-page","status-publish","hentry"],"_links":{"self":[{"href":"https:\/\/actuarweb.aegean.gr\/samos2026\/wp-json\/wp\/v2\/pages\/877","targetHints":{"allow":["GET"]}}],"collection":[{"href":"https:\/\/actuarweb.aegean.gr\/samos2026\/wp-json\/wp\/v2\/pages"}],"about":[{"href":"https:\/\/actuarweb.aegean.gr\/samos2026\/wp-json\/wp\/v2\/types\/page"}],"author":[{"embeddable":true,"href":"https:\/\/actuarweb.aegean.gr\/samos2026\/wp-json\/wp\/v2\/users\/1"}],"replies":[{"embeddable":true,"href":"https:\/\/actuarweb.aegean.gr\/samos2026\/wp-json\/wp\/v2\/comments?post=877"}],"version-history":[{"count":86,"href":"https:\/\/actuarweb.aegean.gr\/samos2026\/wp-json\/wp\/v2\/pages\/877\/revisions"}],"predecessor-version":[{"id":2143,"href":"https:\/\/actuarweb.aegean.gr\/samos2026\/wp-json\/wp\/v2\/pages\/877\/revisions\/2143"}],"wp:attachment":[{"href":"https:\/\/actuarweb.aegean.gr\/samos2026\/wp-json\/wp\/v2\/media?parent=877"}],"curies":[{"name":"wp","href":"https:\/\/api.w.org\/{rel}","templated":true}]}}